{"id":39,"date":"2019-04-11T17:35:47","date_gmt":"2019-04-11T17:35:47","guid":{"rendered":"http:\/\/beta.morocafe.de\/?p=39"},"modified":"2024-03-20T14:03:25","modified_gmt":"2024-03-20T13:03:25","slug":"crochet-teddy-bear","status":"publish","type":"product","link":"https:\/\/morocafe.de\/?product=crochet-teddy-bear","title":{"rendered":"Zassenhaus-Kaffeem\u00fchle Brasilia"},"content":{"rendered":"<div class=\"uk-grid-large\">\n<div class=\"uk-flex-middle uk-width-1-3@m\">\n<h2 class=\"uk-h5 uk-margin-small\">Zassenhaus-Kaffeem\u00fchle Brasilia<\/h2>\n<p>Kaffeem\u00fchle Brasilia, Holz, natur<\/p>\n<\/div>\n<div class=\"uk-width-2-3@m\">\n<div class=\"uk-child-width-1-2@s uk-grid-small\">\n<div><img loading=\"lazy\" decoding=\"async\" class=\"alignnone size-medium wp-image-1354\" src=\"http:\/\/beta.morocafe.de\/wp-content\/uploads\/2019\/04\/products-zassenhauser-muehle-one-image-01-220x300.png\" alt=\"\" width=\"220\" height=\"300\" srcset=\"https:\/\/morocafe.de\/wp-content\/uploads\/2019\/04\/products-zassenhauser-muehle-one-image-01-220x300.png 220w, https:\/\/morocafe.de\/wp-content\/uploads\/2019\/04\/products-zassenhauser-muehle-one-image-01-752x1024.png 752w, https:\/\/morocafe.de\/wp-content\/uploads\/2019\/04\/products-zassenhauser-muehle-one-image-01-768x1046.png 768w, https:\/\/morocafe.de\/wp-content\/uploads\/2019\/04\/products-zassenhauser-muehle-one-image-01-1128x1536.png 1128w, https:\/\/morocafe.de\/wp-content\/uploads\/2019\/04\/products-zassenhauser-muehle-one-image-01-600x817.png 600w, https:\/\/morocafe.de\/wp-content\/uploads\/2019\/04\/products-zassenhauser-muehle-one-image-01.png 1175w\" sizes=\"(max-width: 220px) 100vw, 220px\" \/><\/div>\n<div><\/div>\n<\/div>\n<\/div>\n<\/div>\n","protected":false},"excerpt":{"rendered":"<p class=\"uk-width-large@m\">Erstklassiges Material, hervorragende Qualit\u00e4t und pr\u00e4zise Funktion. Daf\u00fcr steht Zassenhaus als f\u00fchrender Hersteller manueller Kaffeem\u00fchlen seit 1867<br \/>\nDas original Zassenhaus-Mahlwerk der Kaffee- und Espressom\u00fchlen wird aus robustem Spezialstahl gefertig und erh\u00e4lt durch seine besondere H\u00e4rtung eine extra lange Lebensdauer<br \/>\nMit leichtem Dreh an der R\u00e4ndelschraube fixieren Sie stufenlos den gew\u00fcnschten Mahlgrad. So erhalten Sie ein gleichbleibendes Mahlergebnis<br \/>\nDie Kaffeebohnen werden schonend gemahlen, dadurch bleiben s\u00e4mtliche Aroma- und Vitalstoffe erhalten. Denn nur frisch gemahlener Kaffee bringt den wahren Genuss.<br \/>\nMa\u00dfe: 12,5 x 12 x 20 cm<\/p>\n<p>&nbsp;<\/p>\n","protected":false},"featured_media":1638,"template":"","meta":{"_acf_changed":false},"product_brand":[],"product_cat":[18],"product_tag":[],"class_list":{"0":"post-39","1":"product","2":"type-product","3":"status-publish","4":"has-post-thumbnail","6":"product_cat-kaffee","8":"first","9":"instock","10":"featured","11":"taxable","12":"shipping-taxable","13":"purchasable","14":"product-type-simple"},"acf":[],"_links":{"self":[{"href":"https:\/\/morocafe.de\/index.php?rest_route=\/wp\/v2\/product\/39","targetHints":{"allow":["GET"]}}],"collection":[{"href":"https:\/\/morocafe.de\/index.php?rest_route=\/wp\/v2\/product"}],"about":[{"href":"https:\/\/morocafe.de\/index.php?rest_route=\/wp\/v2\/types\/product"}],"wp:featuredmedia":[{"embeddable":true,"href":"https:\/\/morocafe.de\/index.php?rest_route=\/wp\/v2\/media\/1638"}],"wp:attachment":[{"href":"https:\/\/morocafe.de\/index.php?rest_route=%2Fwp%2Fv2%2Fmedia&parent=39"}],"wp:term":[{"taxonomy":"product_brand","embeddable":true,"href":"https:\/\/morocafe.de\/index.php?rest_route=%2Fwp%2Fv2%2Fproduct_brand&post=39"},{"taxonomy":"product_cat","embeddable":true,"href":"https:\/\/morocafe.de\/index.php?rest_route=%2Fwp%2Fv2%2Fproduct_cat&post=39"},{"taxonomy":"product_tag","embeddable":true,"href":"https:\/\/morocafe.de\/index.php?rest_route=%2Fwp%2Fv2%2Fproduct_tag&post=39"}],"curies":[{"name":"wp","href":"https:\/\/api.w.org\/{rel}","templated":true}]}}