{"id":31,"date":"2019-04-09T10:35:47","date_gmt":"2019-04-09T10:35:47","guid":{"rendered":"http:\/\/beta.morocafe.de\/?p=31"},"modified":"2024-03-20T14:01:17","modified_gmt":"2024-03-20T13:01:17","slug":"wrapover-bodysuit","status":"publish","type":"product","link":"https:\/\/morocafe.de\/?product=wrapover-bodysuit","title":{"rendered":"Heidelberger Neckar-Kiesel"},"content":{"rendered":"<div class=\"uk-grid-large\">\n<div class=\"uk-flex-middle uk-width-1-3@m\">\n<h2 class=\"uk-h5 uk-margin-small\">Heidelberger Neckar-Kiesel<\/h2>\n<p>S\u00fc\u00dfe Kieselstein-Dragees gef\u00fcllt mit Aprikosen, Schokolade, Mandeln &amp; Marzipan<\/p>\n<\/div>\n<div class=\"uk-width-2-3@m\">\n<div class=\"uk-child-width-1-2@s uk-grid-small\">\n<div><\/div>\n<div><img alt=\"\" width=\"610\" height=\"455\" data-src=\"wp-content\/uploads\/yootheme\/products-post-image-02.jpg\" \/><\/div>\n<\/div>\n<\/div>\n<\/div>\n","protected":false},"excerpt":{"rendered":"<p>S\u00fc\u00dfe Kieselstein-Dragees gef\u00fcllt mit Aprikosen, Schokolade, Mandeln &amp; Marzipan<\/p>\n","protected":false},"featured_media":1648,"template":"","meta":{"_acf_changed":false},"product_brand":[],"product_cat":[24],"product_tag":[],"class_list":{"0":"post-31","1":"product","2":"type-product","3":"status-publish","4":"has-post-thumbnail","6":"product_cat-suesses","8":"first","9":"instock","10":"taxable","11":"shipping-taxable","12":"purchasable","13":"product-type-simple"},"acf":[],"_links":{"self":[{"href":"https:\/\/morocafe.de\/index.php?rest_route=\/wp\/v2\/product\/31","targetHints":{"allow":["GET"]}}],"collection":[{"href":"https:\/\/morocafe.de\/index.php?rest_route=\/wp\/v2\/product"}],"about":[{"href":"https:\/\/morocafe.de\/index.php?rest_route=\/wp\/v2\/types\/product"}],"wp:featuredmedia":[{"embeddable":true,"href":"https:\/\/morocafe.de\/index.php?rest_route=\/wp\/v2\/media\/1648"}],"wp:attachment":[{"href":"https:\/\/morocafe.de\/index.php?rest_route=%2Fwp%2Fv2%2Fmedia&parent=31"}],"wp:term":[{"taxonomy":"product_brand","embeddable":true,"href":"https:\/\/morocafe.de\/index.php?rest_route=%2Fwp%2Fv2%2Fproduct_brand&post=31"},{"taxonomy":"product_cat","embeddable":true,"href":"https:\/\/morocafe.de\/index.php?rest_route=%2Fwp%2Fv2%2Fproduct_cat&post=31"},{"taxonomy":"product_tag","embeddable":true,"href":"https:\/\/morocafe.de\/index.php?rest_route=%2Fwp%2Fv2%2Fproduct_tag&post=31"}],"curies":[{"name":"wp","href":"https:\/\/api.w.org\/{rel}","templated":true}]}}