{"id":1688,"date":"2021-12-04T14:03:42","date_gmt":"2021-12-04T12:03:42","guid":{"rendered":"http:\/\/beta.morocafe.de\/?post_type=product&#038;p=1688"},"modified":"2024-03-20T13:42:14","modified_gmt":"2024-03-20T12:42:14","slug":"pralinen-heidelberger-neckarstrand","status":"publish","type":"product","link":"https:\/\/morocafe.de\/?product=pralinen-heidelberger-neckarstrand","title":{"rendered":"Pralinen &#8222;Gru\u00df vom Neckarstrand Heidelberg&#8220;"},"content":{"rendered":"","protected":false},"excerpt":{"rendered":"<p>Feine handgefertigte Pralinen.<br \/>\nKirschdessert, Zartbittertr\u00fcffel, Creme Maracuja, Orangenmarzipan, Noisette, Alpensahne, Pistaziennougat, Marzipanherz<\/p>\n<p><em>Zutaten: Zucker, Kakaobutter, N\u00fcsse, Vollmilchpulver, Butter, Sahne, Fr\u00fcchte, Kondensmilch, Spirituosen, Emulgator Sojalethicin, Aroma, Feuchthaltemittel, Sorbit, S\u00e4urungsmittel, Zitronens\u00e4ure, f\u00e4rbende Pflanzenextrakte, Salz. Kann Spuren von Schalenfr\u00fcchten und Gluten enthalten.<\/em><\/p>\n","protected":false},"featured_media":1695,"template":"","meta":{"_acf_changed":false},"product_brand":[],"product_cat":[24,26],"product_tag":[],"class_list":{"0":"post-1688","1":"product","2":"type-product","3":"status-publish","4":"has-post-thumbnail","6":"product_cat-suesses","7":"product_cat-souvenirs","9":"first","10":"instock","11":"taxable","12":"shipping-taxable","13":"purchasable","14":"product-type-variable"},"acf":[],"_links":{"self":[{"href":"https:\/\/morocafe.de\/index.php?rest_route=\/wp\/v2\/product\/1688","targetHints":{"allow":["GET"]}}],"collection":[{"href":"https:\/\/morocafe.de\/index.php?rest_route=\/wp\/v2\/product"}],"about":[{"href":"https:\/\/morocafe.de\/index.php?rest_route=\/wp\/v2\/types\/product"}],"wp:featuredmedia":[{"embeddable":true,"href":"https:\/\/morocafe.de\/index.php?rest_route=\/wp\/v2\/media\/1695"}],"wp:attachment":[{"href":"https:\/\/morocafe.de\/index.php?rest_route=%2Fwp%2Fv2%2Fmedia&parent=1688"}],"wp:term":[{"taxonomy":"product_brand","embeddable":true,"href":"https:\/\/morocafe.de\/index.php?rest_route=%2Fwp%2Fv2%2Fproduct_brand&post=1688"},{"taxonomy":"product_cat","embeddable":true,"href":"https:\/\/morocafe.de\/index.php?rest_route=%2Fwp%2Fv2%2Fproduct_cat&post=1688"},{"taxonomy":"product_tag","embeddable":true,"href":"https:\/\/morocafe.de\/index.php?rest_route=%2Fwp%2Fv2%2Fproduct_tag&post=1688"}],"curies":[{"name":"wp","href":"https:\/\/api.w.org\/{rel}","templated":true}]}}