{"id":1620,"date":"2021-12-01T13:58:18","date_gmt":"2021-12-01T11:58:18","guid":{"rendered":"http:\/\/beta.morocafe.de\/?post_type=product&#038;p=1620"},"modified":"2025-03-26T14:11:19","modified_gmt":"2025-03-26T13:11:19","slug":"siciliano","status":"publish","type":"product","link":"https:\/\/morocafe.de\/?product=siciliano","title":{"rendered":"Siciliano"},"content":{"rendered":"","protected":false},"excerpt":{"rendered":"<p>Die F\u00fclle s\u00fcdamerikanischer Kaffee gepaart mit der erdigen Herbe Asiens ergeben in unserem Espresso Siziliano das ansprechend starke Bouquet. Die dunkel ger\u00f6stete Bohne bietet den intensiven, starken und w\u00fcrzigen Geschmack, der von Esspresso-Liebhabern so gesch\u00e4tzt wird.<\/p>\n","protected":false},"featured_media":1623,"template":"","meta":{"_acf_changed":false},"product_brand":[],"product_cat":[18],"product_tag":[],"class_list":{"0":"post-1620","1":"product","2":"type-product","3":"status-publish","4":"has-post-thumbnail","6":"product_cat-kaffee","8":"first","9":"instock","10":"taxable","11":"shipping-taxable","12":"purchasable","13":"product-type-simple"},"acf":[],"_links":{"self":[{"href":"https:\/\/morocafe.de\/index.php?rest_route=\/wp\/v2\/product\/1620","targetHints":{"allow":["GET"]}}],"collection":[{"href":"https:\/\/morocafe.de\/index.php?rest_route=\/wp\/v2\/product"}],"about":[{"href":"https:\/\/morocafe.de\/index.php?rest_route=\/wp\/v2\/types\/product"}],"wp:featuredmedia":[{"embeddable":true,"href":"https:\/\/morocafe.de\/index.php?rest_route=\/wp\/v2\/media\/1623"}],"wp:attachment":[{"href":"https:\/\/morocafe.de\/index.php?rest_route=%2Fwp%2Fv2%2Fmedia&parent=1620"}],"wp:term":[{"taxonomy":"product_brand","embeddable":true,"href":"https:\/\/morocafe.de\/index.php?rest_route=%2Fwp%2Fv2%2Fproduct_brand&post=1620"},{"taxonomy":"product_cat","embeddable":true,"href":"https:\/\/morocafe.de\/index.php?rest_route=%2Fwp%2Fv2%2Fproduct_cat&post=1620"},{"taxonomy":"product_tag","embeddable":true,"href":"https:\/\/morocafe.de\/index.php?rest_route=%2Fwp%2Fv2%2Fproduct_tag&post=1620"}],"curies":[{"name":"wp","href":"https:\/\/api.w.org\/{rel}","templated":true}]}}