{"id":1548,"date":"2021-11-30T14:19:55","date_gmt":"2021-11-30T12:19:55","guid":{"rendered":"http:\/\/beta.morocafe.de\/?post_type=product&#038;p=1548"},"modified":"2024-03-20T13:57:42","modified_gmt":"2024-03-20T12:57:42","slug":"monsooned-malabar","status":"publish","type":"product","link":"https:\/\/morocafe.de\/?product=monsooned-malabar","title":{"rendered":"Monsooned Malabar"},"content":{"rendered":"","protected":false},"excerpt":{"rendered":"<p>Au\u00dfergew\u00f6hnliche F\u00fclle und wenig S\u00e4ure kombiniert mit einem kr\u00e4ftigen Aroma. Er schmeckt fruchtig bis zartherb und besitzt einen eher vollen K\u00f6rper.<\/p>\n","protected":false},"featured_media":1551,"template":"","meta":{"_acf_changed":false},"product_brand":[],"product_cat":[18],"product_tag":[],"class_list":{"0":"post-1548","1":"product","2":"type-product","3":"status-publish","4":"has-post-thumbnail","6":"product_cat-kaffee","8":"first","9":"instock","10":"taxable","11":"shipping-taxable","12":"purchasable","13":"product-type-simple"},"acf":[],"_links":{"self":[{"href":"https:\/\/morocafe.de\/index.php?rest_route=\/wp\/v2\/product\/1548","targetHints":{"allow":["GET"]}}],"collection":[{"href":"https:\/\/morocafe.de\/index.php?rest_route=\/wp\/v2\/product"}],"about":[{"href":"https:\/\/morocafe.de\/index.php?rest_route=\/wp\/v2\/types\/product"}],"wp:featuredmedia":[{"embeddable":true,"href":"https:\/\/morocafe.de\/index.php?rest_route=\/wp\/v2\/media\/1551"}],"wp:attachment":[{"href":"https:\/\/morocafe.de\/index.php?rest_route=%2Fwp%2Fv2%2Fmedia&parent=1548"}],"wp:term":[{"taxonomy":"product_brand","embeddable":true,"href":"https:\/\/morocafe.de\/index.php?rest_route=%2Fwp%2Fv2%2Fproduct_brand&post=1548"},{"taxonomy":"product_cat","embeddable":true,"href":"https:\/\/morocafe.de\/index.php?rest_route=%2Fwp%2Fv2%2Fproduct_cat&post=1548"},{"taxonomy":"product_tag","embeddable":true,"href":"https:\/\/morocafe.de\/index.php?rest_route=%2Fwp%2Fv2%2Fproduct_tag&post=1548"}],"curies":[{"name":"wp","href":"https:\/\/api.w.org\/{rel}","templated":true}]}}