{"id":1545,"date":"2021-11-30T13:59:51","date_gmt":"2021-11-30T11:59:51","guid":{"rendered":"http:\/\/beta.morocafe.de\/?post_type=product&#038;p=1545"},"modified":"2024-03-20T13:58:31","modified_gmt":"2024-03-20T12:58:31","slug":"kachalu-organico","status":"publish","type":"product","link":"https:\/\/morocafe.de\/?product=kachalu-organico","title":{"rendered":"Kachalu Organico"},"content":{"rendered":"","protected":false},"excerpt":{"rendered":"<p>F\u00fcr einen S\u00fcdamerikaner weist er einen erstaunlich kr\u00e4ftigen, fast erdig-w\u00fcrzigen Charakter auf. Die intensive S\u00fc\u00dfe wird mit ihren komplexen Aromen von Karamell bis Schokolade mit einem Hauch von s\u00fc\u00dfen Fr\u00fcchten abgerundet.<br \/>\nR\u00f6stkaffee, 100% Arabica<br \/>\n250 Gramm<\/p>\n","protected":false},"featured_media":1547,"template":"","meta":{"_acf_changed":false},"product_brand":[],"product_cat":[18],"product_tag":[],"class_list":{"0":"post-1545","1":"product","2":"type-product","3":"status-publish","4":"has-post-thumbnail","6":"product_cat-kaffee","8":"first","9":"instock","10":"taxable","11":"shipping-taxable","12":"purchasable","13":"product-type-simple"},"acf":[],"_links":{"self":[{"href":"https:\/\/morocafe.de\/index.php?rest_route=\/wp\/v2\/product\/1545","targetHints":{"allow":["GET"]}}],"collection":[{"href":"https:\/\/morocafe.de\/index.php?rest_route=\/wp\/v2\/product"}],"about":[{"href":"https:\/\/morocafe.de\/index.php?rest_route=\/wp\/v2\/types\/product"}],"wp:featuredmedia":[{"embeddable":true,"href":"https:\/\/morocafe.de\/index.php?rest_route=\/wp\/v2\/media\/1547"}],"wp:attachment":[{"href":"https:\/\/morocafe.de\/index.php?rest_route=%2Fwp%2Fv2%2Fmedia&parent=1545"}],"wp:term":[{"taxonomy":"product_brand","embeddable":true,"href":"https:\/\/morocafe.de\/index.php?rest_route=%2Fwp%2Fv2%2Fproduct_brand&post=1545"},{"taxonomy":"product_cat","embeddable":true,"href":"https:\/\/morocafe.de\/index.php?rest_route=%2Fwp%2Fv2%2Fproduct_cat&post=1545"},{"taxonomy":"product_tag","embeddable":true,"href":"https:\/\/morocafe.de\/index.php?rest_route=%2Fwp%2Fv2%2Fproduct_tag&post=1545"}],"curies":[{"name":"wp","href":"https:\/\/api.w.org\/{rel}","templated":true}]}}