{"id":1506,"date":"2021-11-27T16:20:31","date_gmt":"2021-11-27T14:20:31","guid":{"rendered":"http:\/\/beta.morocafe.de\/?post_type=product&#038;p=1506"},"modified":"2025-03-26T14:12:04","modified_gmt":"2025-03-26T13:12:04","slug":"supremo-la-ceiba","status":"publish","type":"product","link":"https:\/\/morocafe.de\/?product=supremo-la-ceiba","title":{"rendered":"Supremo La Ceiba"},"content":{"rendered":"","protected":false},"excerpt":{"rendered":"<p>Der \u201eColombia Supremo\u201c besitzt ein sehr ausdrucksvolles und fruchtiges Aroma. Es hat die f\u00fcr Kolumbien typische Kombination aus feiner S\u00e4ure und ausgepr\u00e4gtem K\u00f6rper. Ein ideal ausgewogener, weicher und intensiver Kaffee, der anspruchsvolle Kaffeekenner begeistert.<\/p>\n","protected":false},"featured_media":1557,"template":"","meta":{"_acf_changed":false},"product_brand":[],"product_cat":[18],"product_tag":[],"class_list":{"0":"post-1506","1":"product","2":"type-product","3":"status-publish","4":"has-post-thumbnail","6":"product_cat-kaffee","8":"first","9":"instock","10":"taxable","11":"shipping-taxable","12":"purchasable","13":"product-type-simple"},"acf":[],"_links":{"self":[{"href":"https:\/\/morocafe.de\/index.php?rest_route=\/wp\/v2\/product\/1506","targetHints":{"allow":["GET"]}}],"collection":[{"href":"https:\/\/morocafe.de\/index.php?rest_route=\/wp\/v2\/product"}],"about":[{"href":"https:\/\/morocafe.de\/index.php?rest_route=\/wp\/v2\/types\/product"}],"wp:featuredmedia":[{"embeddable":true,"href":"https:\/\/morocafe.de\/index.php?rest_route=\/wp\/v2\/media\/1557"}],"wp:attachment":[{"href":"https:\/\/morocafe.de\/index.php?rest_route=%2Fwp%2Fv2%2Fmedia&parent=1506"}],"wp:term":[{"taxonomy":"product_brand","embeddable":true,"href":"https:\/\/morocafe.de\/index.php?rest_route=%2Fwp%2Fv2%2Fproduct_brand&post=1506"},{"taxonomy":"product_cat","embeddable":true,"href":"https:\/\/morocafe.de\/index.php?rest_route=%2Fwp%2Fv2%2Fproduct_cat&post=1506"},{"taxonomy":"product_tag","embeddable":true,"href":"https:\/\/morocafe.de\/index.php?rest_route=%2Fwp%2Fv2%2Fproduct_tag&post=1506"}],"curies":[{"name":"wp","href":"https:\/\/api.w.org\/{rel}","templated":true}]}}