{"id":1,"date":"2019-03-25T09:55:29","date_gmt":"2019-03-25T08:55:29","guid":{"rendered":"http:\/\/beta.morocafe.de\/?p=1"},"modified":"2024-03-20T13:51:21","modified_gmt":"2024-03-20T12:51:21","slug":"home","status":"publish","type":"page","link":"https:\/\/morocafe.de\/","title":{"rendered":"Home"},"content":{"rendered":"<h1>Moro Caff\u00e9 &amp; Th\u00e9<\/h1>\n<div>\n<p>Hauptstra\u00dfe 160 &#8211; Heidelberg Altstadt<br \/>So &#8211; Do 9.30 &#8211; 19.00 Uhr<br \/>Fr &#8211; Sa 9.30 &#8211; 20.00 Uhr<\/p>\n<\/div>\n<ul>\n<li>\n<p>        <img decoding=\"async\" src=\"\/wp-content\/uploads\/2021\/07\/home-menu-kaffeebohnen.png\" alt=\"\"><\/p>\n<div>Frische Kaffeebohnen<\/div>\n<p><a href=\"#2\"><\/a><\/p>\n<\/li>\n<li>\n<p>        <img decoding=\"async\" src=\"\/wp-content\/uploads\/2021\/07\/home-hero-moro3.png\" alt=\"\"><\/p>\n<div>Kaffee, Tee und Kuchen<\/div>\n<p><a href=\"#2\"><\/a><\/p>\n<\/li>\n<\/ul>\n<h2>\n<p>Exklusives Caff\u00e9- und Th\u00e9-Sortiment<\/p>\n<\/h2>\n<div>\n<p>F\u00fchlen Sie sich heute als unser Gast und lassen Sie sich vom umfangreichen Angebot unseres Service begeistern.<\/p>\n<p>Moro Caf\u00e9<\/p>\n<\/div>\n<p>\n    <a href=\"#8\">Zu unserem Shop<\/a>\n<\/p>\n<h2>Kaffee, Tee, Kaltgetr\u00e4nke, Croissants und Kuchen<\/h2>\n<p>\n    <a href=\"\/index.php?page_id=286\">Alle Produkte<\/a>\n<\/p>\n<ul>\n<li>\n<p>        <img decoding=\"async\" src=\"\/wp-content\/uploads\/2021\/07\/home-linzer-03.jpg\" alt=\"\"><\/p>\n<h3>Linzer<\/h3>\n<\/li>\n<li>\n<p>        <img decoding=\"async\" src=\"\/wp-content\/uploads\/2021\/07\/home-kaffeetassen.jpg\" alt=\"\"><\/p>\n<h3>Land Bread<\/h3>\n<div>Lorem ipsum dolor sit amet, consectetuer adipiscing elit. Aenean commodo ligula eget dolor. Aenean massa.<\/div>\n<\/li>\n<li>\n<p>        <img decoding=\"async\" src=\"\/wp-content\/uploads\/2021\/07\/home-orangen.png\" alt=\"\"><\/p>\n<h3>Prezel<\/h3>\n<div>\n<p>Lorem ipsum dolor sit amet, consectetuer adipiscing elit. Aenean commodo ligula eget dolor. Aenean massa.<\/p>\n<\/div>\n<\/li>\n<li>\n<p>        <img decoding=\"async\" src=\"\/wp-content\/uploads\/2021\/07\/home-kaffee.jpg\" alt=\"\"><\/p>\n<h3>Prezel<\/h3>\n<div>\n<p>Lorem ipsum dolor sit amet, consectetuer adipiscing elit. Aenean commodo ligula eget dolor. Aenean massa.<\/p>\n<\/div>\n<\/li>\n<li>\n<p>        <img decoding=\"async\" src=\"\/wp-content\/uploads\/2021\/07\/home-kuesse.png\" alt=\"\"><\/p>\n<h3>Prezel<\/h3>\n<div>\n<p>Lorem ipsum dolor sit amet, consectetuer adipiscing elit. Aenean commodo ligula eget dolor. Aenean massa.<\/p>\n<\/div>\n<\/li>\n<\/ul>\n<h2>Mit Tradition und Leidenschaft.<br \/>Hausgemacht f\u00fcr Sie.<\/h2>\n<p>\n    <a href=\"#3\">Zum Shop<\/a>\n<\/p>\n<p><img decoding=\"async\" src=\"\/wp-content\/uploads\/2021\/07\/home-kuss.png\" alt=\"\"><\/p>\n<div>Verliebt in Heidelberg<\/div>\n<h2>Heidelberger Kuss<\/h2>\n<div>\n<p>Der Heidelberger Studentenkuss ist eine Spezialit\u00e4t der Region. Er ist ein schokoladenhaltiges Kleingeb\u00e4ck und wird als Mitbringsel unter anderem im <strong>Caf\u00e9 Moro<\/strong> in der Heidelberger Altstadt. Es besteht aus einer Praline-Nougat-Schokoladen-F\u00fcllung auf dem Boden einer feinen Waffel mit Zartbitter-Kuvert\u00fcre.<\/p>\n<p>Die Herkunftssaga greift etwas weiter in die Geschichte zur\u00fcck: In der Altstadt Heidelbergs liegt das \u00e4lteste Caf\u00e9 Heidelbergs. 1863 gegr\u00fcndet, etablierte es sich bald als beliebter Treffpunkt.<br \/>Auch die jungen Damen der damals renommierten Heidelberger Pensionate besuchten regelm\u00e4\u00dfig das Caf\u00e9 Kn\u00f6sel. Fridolin Kn\u00f6sel erriet die geheimen W\u00fcnsche der jungen Damen und \u00fcberraschte sie eines Tages mit einer besonders feinen Praline, der er augenzwinkernd den Namen Studentenkuss gegeben hatte.<\/p>\n<\/div>\n<p>\n    <a href=\"#0\">Zum Shop<\/a>\n<\/p>\n<p><img decoding=\"async\" src=\"\/wp-content\/uploads\/home-catering-type.svg\" alt=\"\"><\/p>\n<div>\n<h2>BESUCHEN sie uns im herzen von HEIDELBERG<\/h2>\n<p>Explore the Taste<\/p>\n<div>\n<p>Besuchen Sie unser gem\u00fctliches Caf\u00e9 in der sch\u00f6nen Altstadt von Heidelbeg. Zu Ihrem Kaffee k\u00f6nnen Sie unseren k\u00f6stlichen Kuchen genie\u00dfen.<\/p>\n<\/div>\n<\/div>\n<h3>\u00d6ffnungszeiten<\/h3>\n<ul>\n<li>\n<h3>Sonntag &#8211; Donnerstag<\/h3>\n<p>9:30\u2013 19:00 Uhr<\/p>\n<\/li>\n<li>\n<h3>Freitag- Samstag<\/h3>\n<p>9:30\u2013 20:00 Uhr<\/p>\n<\/li>\n<\/ul>\n<p><img decoding=\"async\" src=\"\/wp-content\/uploads\/2021\/07\/home-opening-hours-kaffee.png\" alt=\"\"><\/p>\n<div>\n<div>\u00bbBut first coffee\u00ab<\/div>\n<div>\n<p>Im Angebot: Kaffee, Tee, verschiedene Chai Tee, Trinkschokoladen, Pralinen, Schokoladen, italienische Espressokocher und der Heidelberger Studentenkuss. Zum Kaffee gibt es verschiedene Kuchen und Geb\u00e4ck.<\/p>\n<\/div>\n<p><a href=\"#1\"><\/a><\/p>\n<\/div>\n<p><img decoding=\"async\" src=\"\/wp-content\/uploads\/2021\/07\/morologo.svg\" alt=\"\"><\/p>\n<p><!--more--><br \/>\n<!-- {\"name\":\"Home\",\"type\":\"layout\",\"children\":[{\"name\":\"Hero\",\"type\":\"section\",\"props\":{\"height\":\"viewport\",\"height_offset_top\":true,\"image_position\":\"center-center\",\"image_size\":\"cover\",\"image_width\":\"2560\",\"padding\":\"small\",\"style\":\"default\",\"text_color\":\"light\",\"title_breakpoint\":\"xl\",\"title_position\":\"top-left\",\"title_rotation\":\"left\",\"vertical_align\":\"middle\",\"video\":\"wp-content\\\/uploads\\\/2021\\\/07\\\/10000000_515659712915876_1248393554550521488_n.mp4\",\"width\":\"large\"},\"children\":[{\"type\":\"row\",\"children\":[{\"type\":\"column\",\"props\":{\"image_position\":\"center-center\",\"position_sticky_breakpoint\":\"m\",\"width_medium\":\"1-1\"},\"children\":[{\"type\":\"headline\",\"props\":{\"content\":\"Moro Caff\\u00e9 &amp; Th\\u00e9\",\"text_align\":\"center\",\"title_element\":\"h1\",\"title_style\":\"heading-large\"}},{\"type\":\"text\",\"props\":{\"column_breakpoint\":\"m\",\"content\":\"\n\n<p>Hauptstra\\u00dfe 160 - Heidelberg Altstadt<br \\\/>So - Do 9.30 - 19.00 Uhr<br \\\/>Fr - Sa 9.30 - 20.00 Uhr<\\\/p>\",\"margin\":\"\",\"margin_remove_bottom\":false,\"text_align\":\"center\"}}]}]}]},{\"name\":\"Menu\",\"type\":\"section\",\"props\":{\"image_position\":\"center-center\",\"padding\":\"large\",\"padding_remove_bottom\":false,\"style\":\"default\",\"title_breakpoint\":\"xl\",\"title_position\":\"top-left\",\"title_rotation\":\"left\",\"vertical_align\":\"middle\",\"width\":\"xlarge\"},\"children\":[{\"type\":\"row\",\"props\":{\"column_gap\":\"small\",\"layout\":\"2-3,1-3\",\"match\":false,\"row_gap\":\"small\",\"vertical_align\":\"middle\"},\"children\":[{\"type\":\"column\",\"props\":{\"image_position\":\"center-center\",\"position_sticky_breakpoint\":\"m\",\"vertical_align\":\"middle\",\"width_large\":\"2-3\"},\"children\":[{\"type\":\"gallery\",\"props\":{\"filter_align\":\"left\",\"filter_all\":true,\"filter_grid_breakpoint\":\"m\",\"filter_grid_width\":\"auto\",\"filter_position\":\"top\",\"filter_style\":\"tab\",\"grid_column_gap\":\"small\",\"grid_default\":\"1\",\"grid_medium\":\"\",\"grid_row_gap\":\"small\",\"grid_small\":\"2\",\"image_width\":\"610\",\"item_animation\":true,\"link_style\":\"default\",\"link_text\":\"\",\"margin\":\"default\",\"meta_align\":\"below-title\",\"meta_element\":\"div\",\"meta_style\":\"text-meta\",\"overlay_hover\":true,\"overlay_link\":true,\"overlay_mode\":\"cover\",\"overlay_position\":\"center\",\"overlay_style\":\"overlay-default\",\"overlay_transition\":\"fade\",\"parallax_easing\":\"1\",\"show_content\":true,\"show_hover_image\":true,\"show_link\":true,\"show_meta\":true,\"show_title\":true,\"text_align\":\"center\",\"text_color\":\"\",\"title_element\":\"div\",\"title_hover_style\":\"reset\",\"title_style\":\"h3\"},\"children\":[{\"type\":\"gallery_item\",\"props\":{\"image\":\"wp-content\\\/uploads\\\/2021\\\/07\\\/home-menu-kaffeebohnen.png\",\"link\":\"#2\",\"title\":\"Frische Kaffeebohnen\"}},{\"type\":\"gallery_item\",\"props\":{\"image\":\"wp-content\\\/uploads\\\/2021\\\/07\\\/home-hero-moro3.png\",\"link\":\"#2\",\"title\":\"Kaffee, Tee und Kuchen\"}}]}]},{\"type\":\"column\",\"props\":{\"image_position\":\"center-center\",\"padding\":\"large\",\"position_sticky_breakpoint\":\"m\",\"style\":\"tile-primary\",\"vertical_align\":\"middle\",\"width_large\":\"1-3\"},\"children\":[{\"type\":\"headline\",\"props\":{\"block_align\":\"center\",\"content\":\"\n\n<p>Exklusives Caff\\u00e9- und Th\\u00e9-Sortiment<\\\/p>\",\"maxwidth\":\"medium\",\"text_align\":\"center\",\"title_element\":\"h2\",\"title_style\":\"h3\"}},{\"type\":\"text\",\"props\":{\"block_align\":\"center\",\"column_breakpoint\":\"m\",\"content\":\"\n\n<p>F\\u00fchlen Sie sich heute als unser Gast und lassen Sie sich vom umfangreichen Angebot unseres Service begeistern.<\\\/p>\\n\n\n<p>Moro Caf\\u00e9<\\\/p>\",\"margin\":\"default\",\"maxwidth\":\"medium\",\"text_align\":\"center\"}},{\"type\":\"button\",\"props\":{\"block_align\":\"center\",\"grid_column_gap\":\"small\",\"grid_row_gap\":\"small\",\"margin\":\"default\",\"maxwidth\":\"medium\",\"text_align\":\"center\"},\"children\":[{\"type\":\"button_item\",\"props\":{\"button_style\":\"text\",\"content\":\"Zu unserem Shop\",\"icon_align\":\"left\",\"link\":\"#8\"}}]}]}]}]},{\"name\":\"Products\",\"type\":\"section\",\"props\":{\"height\":\"viewport\",\"height_viewport\":80,\"image\":\"wp-content\\\/uploads\\\/home-products-bg.svg\",\"image_effect\":\"parallax\",\"image_parallax_bgy\":\"300,450\",\"image_parallax_easing\":\"1\",\"image_position\":\"bottom-right\",\"image_width\":\"700\",\"padding\":\"large\",\"style\":\"default\",\"title_breakpoint\":\"xl\",\"title_position\":\"top-left\",\"title_rotation\":\"left\",\"vertical_align\":\"middle\",\"width\":\"\"},\"children\":[{\"type\":\"row\",\"props\":{\"margin_remove_bottom\":true,\"width\":\"large\"},\"children\":[{\"type\":\"column\",\"props\":{\"image_position\":\"center-center\",\"position_sticky_breakpoint\":\"m\",\"width_medium\":\"1-1\"},\"children\":[{\"type\":\"headline\",\"props\":{\"block_align\":\"center\",\"content\":\"Kaffee, Tee, Kaltgetr\\u00e4nke, Croissants und Kuchen\",\"margin\":\"medium\",\"maxwidth\":\"xlarge\",\"text_align\":\"center\",\"title_element\":\"h2\",\"title_style\":\"heading-small\"}},{\"type\":\"button\",\"props\":{\"grid_column_gap\":\"small\",\"grid_row_gap\":\"small\",\"margin\":\"\",\"text_align\":\"center\"},\"children\":[{\"type\":\"button_item\",\"props\":{\"button_style\":\"text\",\"content\":\"Alle Produkte\",\"icon_align\":\"left\",\"link\":\"index.php?page_id=286\"}}]}]}]},{\"type\":\"row\",\"children\":[{\"type\":\"column\",\"props\":{\"image_position\":\"center-center\",\"position_sticky_breakpoint\":\"m\",\"width_medium\":\"1-1\"},\"children\":[{\"type\":\"overlay-slider\",\"props\":{\"image_width\":\"1150\",\"link_style\":\"default\",\"link_text\":\"\",\"margin\":\"default\",\"meta_align\":\"below-title\",\"meta_element\":\"div\",\"meta_style\":\"text-meta\",\"nav\":\"dotnav\",\"nav_align\":\"center\",\"nav_breakpoint\":\"\",\"overlay_display\":\"hover\",\"overlay_link\":true,\"overlay_maxwidth\":\"xlarge\",\"overlay_mode\":\"cover\",\"overlay_position\":\"center\",\"overlay_transition\":\"fade\",\"show_content\":false,\"show_hover_image\":true,\"show_link\":true,\"show_meta\":true,\"show_title\":false,\"slidenav\":\"\",\"slidenav_breakpoint\":\"s\",\"slidenav_margin\":\"medium\",\"slidenav_outside_breakpoint\":\"xl\",\"slider_autoplay\":false,\"slider_autoplay_interval\":\"5\",\"slider_autoplay_pause\":true,\"slider_center\":true,\"slider_gap\":\"large\",\"slider_sets\":true,\"slider_velocity\":\"0.7\",\"slider_width\":\"fixed\",\"slider_width_default\":\"1-1\",\"slider_width_medium\":\"1-2\",\"slider_width_small\":\"3-5\",\"text_align\":\"center\",\"title_element\":\"h3\",\"title_hover_style\":\"reset\",\"title_style\":\"h2\"},\"children\":[{\"type\":\"overlay-slider_item\",\"props\":{\"content\":\"\",\"image\":\"wp-content\\\/uploads\\\/2021\\\/07\\\/home-linzer-03.jpg\",\"title\":\"Linzer\"}},{\"type\":\"overlay-slider_item\",\"props\":{\"content\":\"Lorem ipsum dolor sit amet, consectetuer adipiscing elit. Aenean commodo ligula eget dolor. Aenean massa.\",\"image\":\"wp-content\\\/uploads\\\/2021\\\/07\\\/home-kaffeetassen.jpg\",\"title\":\"Land Bread\"}},{\"type\":\"overlay-slider_item\",\"props\":{\"content\":\"\n\n<p>Lorem ipsum dolor sit amet, consectetuer adipiscing elit. Aenean commodo ligula eget dolor. Aenean massa.<\\\/p>\",\"image\":\"wp-content\\\/uploads\\\/2021\\\/07\\\/home-orangen.png\",\"title\":\"Prezel\"}},{\"type\":\"overlay-slider_item\",\"props\":{\"content\":\"\n\n<p>Lorem ipsum dolor sit amet, consectetuer adipiscing elit. Aenean commodo ligula eget dolor. Aenean massa.<\\\/p>\",\"image\":\"wp-content\\\/uploads\\\/2021\\\/07\\\/home-kaffee.jpg\",\"title\":\"Prezel\"}},{\"type\":\"overlay-slider_item\",\"props\":{\"content\":\"\n\n<p>Lorem ipsum dolor sit amet, consectetuer adipiscing elit. Aenean commodo ligula eget dolor. Aenean massa.<\\\/p>\",\"image\":\"wp-content\\\/uploads\\\/2021\\\/07\\\/home-kuesse.png\",\"title\":\"Prezel\"}}]}]}]}]},{\"name\":\"About\",\"type\":\"section\",\"props\":{\"height\":\"viewport\",\"height_viewport\":80,\"image\":\"wp-content\\\/uploads\\\/2021\\\/07\\\/home-about-bg-gebaeck.png\",\"image_effect\":\"parallax\",\"image_parallax_bgy\":\"-200,100\",\"image_parallax_easing\":\"1\",\"image_position\":\"center-center\",\"image_size\":\"cover\",\"image_width\":\"2560\",\"padding\":\"xlarge\",\"style\":\"default\",\"text_color\":\"light\",\"title_breakpoint\":\"xl\",\"title_position\":\"top-left\",\"title_rotation\":\"left\",\"vertical_align\":\"middle\",\"width\":\"xlarge\"},\"children\":[{\"type\":\"row\",\"children\":[{\"type\":\"column\",\"props\":{\"image_position\":\"center-center\",\"position_sticky_breakpoint\":\"m\",\"width_medium\":\"1-1\"},\"children\":[{\"type\":\"headline\",\"props\":{\"block_align\":\"center\",\"content\":\"Mit Tradition und Leidenschaft.<br \\\/>Hausgemacht f\\u00fcr Sie.\",\"margin\":\"large\",\"text_align\":\"center\",\"title_element\":\"h2\",\"title_style\":\"heading-medium\"}},{\"type\":\"button\",\"props\":{\"button_size\":\"large\",\"grid_column_gap\":\"small\",\"grid_row_gap\":\"small\",\"margin\":\"default\",\"text_align\":\"center\"},\"children\":[{\"type\":\"button_item\",\"props\":{\"button_style\":\"secondary\",\"content\":\"Zum Shop\",\"icon_align\":\"left\",\"link\":\"#3\"}}]}]}]}]},{\"name\":\"Catering\",\"type\":\"section\",\"props\":{\"css\":\"@media (max-width: 1600px) {\\n    .el-section > * { background-size: 560px!important; }\\n}\",\"height\":\"viewport\",\"image\":\"wp-content\\\/uploads\\\/2021\\\/07\\\/home-kuss-1.png\",\"image_position\":\"center-left\",\"image_width\":\"700\",\"media_visibility\":\"m\",\"padding\":\"xlarge\",\"padding_remove_bottom\":false,\"style\":\"default\",\"title_breakpoint\":\"xl\",\"title_position\":\"top-left\",\"title_rotation\":\"left\",\"vertical_align\":\"middle\",\"width\":\"\"},\"children\":[{\"type\":\"row\",\"children\":[{\"type\":\"column\",\"props\":{\"image_position\":\"center-center\",\"position_sticky_breakpoint\":\"m\"},\"children\":[{\"type\":\"image\",\"props\":{\"image\":\"wp-content\\\/uploads\\\/2021\\\/07\\\/home-kuss.png\",\"image_svg_color\":\"emphasis\",\"image_width\":\"900\",\"margin\":\"default\",\"visibility\":\"hidden-m\"}}]}]},{\"type\":\"row\",\"props\":{\"layout\":\"1-2,1-2\",\"width\":\"large\"},\"children\":[{\"type\":\"column\",\"props\":{\"image_position\":\"center-left\",\"position_sticky_breakpoint\":\"m\",\"width_medium\":\"1-2\"}},{\"type\":\"column\",\"props\":{\"image_position\":\"center-center\",\"position_sticky_breakpoint\":\"m\",\"width_medium\":\"1-2\"},\"children\":[{\"type\":\"headline\",\"props\":{\"content\":\"Verliebt in Heidelberg\",\"title_element\":\"div\",\"title_style\":\"h6\"}},{\"type\":\"headline\",\"props\":{\"content\":\"Heidelberger Kuss\",\"title_element\":\"h2\"}},{\"type\":\"text\",\"props\":{\"column_breakpoint\":\"m\",\"content\":\"\n\n<p>Der Heidelberger Studentenkuss ist eine Spezialit\\u00e4t der Region. Er ist ein schokoladenhaltiges Kleingeb\\u00e4ck und wird als Mitbringsel unter anderem im <strong>Caf\\u00e9 Moro<\\\/strong> in der Heidelberger Altstadt. Es besteht aus einer Praline-Nougat-Schokoladen-F\\u00fcllung auf dem Boden einer feinen Waffel mit Zartbitter-Kuvert\\u00fcre.<\\\/p>\\n\n\n<p>Die Herkunftssaga greift etwas weiter in die Geschichte zur\\u00fcck: In der Altstadt Heidelbergs liegt das \\u00e4lteste Caf\\u00e9 Heidelbergs. 1863 gegr\\u00fcndet, etablierte es sich bald als beliebter Treffpunkt.<br \\\/>Auch die jungen Damen der damals renommierten Heidelberger Pensionate besuchten regelm\\u00e4\\u00dfig das Caf\\u00e9 Kn\\u00f6sel. Fridolin Kn\\u00f6sel erriet die geheimen W\\u00fcnsche der jungen Damen und \\u00fcberraschte sie eines Tages mit einer besonders feinen Praline, der er augenzwinkernd den Namen Studentenkuss gegeben hatte.<\\\/p>\",\"margin\":\"default\"}},{\"type\":\"button\",\"props\":{\"grid_column_gap\":\"small\",\"grid_row_gap\":\"small\",\"margin\":\"large\"},\"children\":[{\"type\":\"button_item\",\"props\":{\"button_style\":\"text\",\"content\":\"Zum Shop\",\"icon_align\":\"left\",\"link\":\"#0\"}}]}]}]},{\"type\":\"row\",\"props\":{\"margin\":\"large\",\"margin_remove_bottom\":true},\"children\":[{\"type\":\"column\",\"props\":{\"image_position\":\"center-center\",\"position_sticky_breakpoint\":\"m\",\"width_medium\":\"1-1\"},\"children\":[{\"type\":\"image\",\"props\":{\"animation\":\"parallax\",\"image\":\"wp-content\\\/uploads\\\/home-catering-type.svg\",\"image_svg_color\":\"emphasis\",\"image_svg_inline\":true,\"margin\":\"default\",\"parallax_easing\":\"1\",\"parallax_x\":\"100,50\",\"text_align\":\"right\"}}]}]}]},{\"name\":\"Gallery\",\"type\":\"section\",\"props\":{\"image_position\":\"center-center\",\"padding_remove_top\":true,\"style\":\"default\",\"title_breakpoint\":\"xl\",\"title_position\":\"top-left\",\"title_rotation\":\"left\",\"vertical_align\":\"middle\",\"width\":\"\"},\"children\":[{\"type\":\"row\",\"props\":{\"column_gap\":\"small\",\"layout\":\"1-2,1-4,1-4|1-1,1-2,1-2\",\"margin\":\"xlarge\",\"row_gap\":\"small\"},\"children\":[{\"type\":\"column\",\"props\":{\"css\":\".el-column {\\n\\tmin-height: 550px;\\n}\\n\\n@media (min-width: 1200px) {\\n    .el-column { min-height: 650px; }\\n}\\n\\n@media (min-width: 1921px) {\\n    .el-column { min-height: 750px; }\\n}\",\"image\":\"wp-content\\\/uploads\\\/2021\\\/07\\\/home-gallery-moro-01.png\",\"image_position\":\"center-center\",\"image_size\":\"cover\",\"position_sticky_breakpoint\":\"m\",\"width_large\":\"1-2\",\"width_medium\":\"1-1\"}},{\"type\":\"column\",\"props\":{\"css\":\".el-column {\\n\\tmin-height: 300px;\\n}\",\"image\":\"wp-content\\\/uploads\\\/2021\\\/07\\\/home-gallery-moro-02.png\",\"image_position\":\"center-center\",\"image_size\":\"cover\",\"position_sticky_breakpoint\":\"m\",\"width_large\":\"1-4\",\"width_medium\":\"1-2\"}},{\"type\":\"column\",\"props\":{\"css\":\".el-column {\\n\\tmin-height: 300px;\\n}\",\"image\":\"wp-content\\\/uploads\\\/2021\\\/07\\\/home-gallery-tasse-03.png\",\"image_position\":\"center-center\",\"image_size\":\"cover\",\"position_sticky_breakpoint\":\"m\",\"width_large\":\"1-4\",\"width_medium\":\"1-2\"}}]}]},{\"name\":\"Opening Hours\",\"type\":\"section\",\"props\":{\"class\":\"uk-overflow-hidden\",\"image_position\":\"center-center\",\"overlap\":false,\"padding\":\"large\",\"padding_remove_bottom\":true,\"style\":\"default\",\"title_breakpoint\":\"xl\",\"title_position\":\"top-left\",\"title_rotation\":\"left\",\"vertical_align\":\"middle\",\"width\":\"\"},\"children\":[{\"type\":\"row\",\"props\":{\"column_gap\":\"large\",\"divider\":true,\"layout\":\"2-3,1-3\",\"margin\":\"xlarge\",\"margin_remove_top\":false,\"row_gap\":\"large\",\"vertical_align\":true,\"width\":\"large\"},\"children\":[{\"type\":\"column\",\"props\":{\"image_position\":\"center-center\",\"position_sticky_breakpoint\":\"m\",\"vertical_align\":\"middle\",\"width_medium\":\"2-3\"},\"children\":[{\"type\":\"panel\",\"props\":{\"content\":\"\n\n<p>Besuchen Sie unser gem\\u00fctliches Caf\\u00e9 in der sch\\u00f6nen Altstadt von Heidelbeg. Zu Ihrem Kaffee k\\u00f6nnen Sie unseren k\\u00f6stlichen Kuchen genie\\u00dfen.<\\\/p>\",\"content_column_breakpoint\":\"m\",\"icon_ratio\":4,\"icon_width\":80,\"image_align\":\"top\",\"image_grid_breakpoint\":\"m\",\"image_grid_width\":\"1-2\",\"image_svg_color\":\"emphasis\",\"link_style\":\"default\",\"link_text\":\"Read more\",\"margin\":\"default\",\"maxwidth\":\"2xlarge\",\"meta\":\"Explore the Taste\",\"meta_align\":\"above-title\",\"meta_element\":\"div\",\"meta_style\":\"h6\",\"title\":\"BESUCHEN sie uns im herzen von HEIDELBERG\",\"title_align\":\"top\",\"title_element\":\"h2\",\"title_grid_breakpoint\":\"m\",\"title_grid_width\":\"1-2\",\"title_hover_style\":\"reset\"}}]},{\"type\":\"column\",\"props\":{\"image_position\":\"center-center\",\"position_sticky_breakpoint\":\"m\",\"vertical_align\":\"middle\",\"width_medium\":\"1-3\"},\"children\":[{\"type\":\"headline\",\"props\":{\"content\":\"\\u00d6ffnungszeiten\",\"title_element\":\"h3\",\"title_style\":\"h4\"}},{\"type\":\"description_list\",\"props\":{\"column_breakpoint\":\"m\",\"layout\":\"grid-2-m\",\"list_element\":\"ul\",\"meta_align\":\"below-content\",\"meta_style\":\"\",\"show_content\":true,\"show_link\":true,\"show_meta\":true,\"show_title\":true,\"title_element\":\"div\",\"title_grid_column_gap\":\"small\",\"title_grid_row_gap\":\"small\",\"title_grid_width\":\"expand\",\"title_leader\":true},\"children\":[{\"type\":\"description_list_item\",\"props\":{\"content\":\"\",\"meta\":\"9:30\\u2013 19:00 Uhr\",\"title\":\"Sonntag - Donnerstag\"}},{\"type\":\"description_list_item\",\"props\":{\"content\":\"\",\"meta\":\"9:30\\u2013 20:00 Uhr\",\"title\":\"Freitag- Samstag\"}}]}]}]},{\"type\":\"row\",\"children\":[{\"type\":\"column\",\"props\":{\"image_position\":\"center-center\",\"position_sticky_breakpoint\":\"m\",\"width_medium\":\"1-1\"},\"children\":[{\"type\":\"image\",\"props\":{\"animation\":\"parallax\",\"image\":\"wp-content\\\/uploads\\\/2021\\\/07\\\/home-opening-hours-kaffee.png\",\"image_svg_color\":\"emphasis\",\"image_width\":\"880\",\"margin\":\"remove-vertical\",\"parallax_breakpoint\":\"m\",\"parallax_easing\":\"1\",\"parallax_y\":\"80,0\",\"text_align\":\"center\"}}]}]}]},{\"name\":\"Call to Action\",\"type\":\"section\",\"props\":{\"image_position\":\"center-center\",\"overlap\":false,\"padding_remove_bottom\":true,\"padding_remove_top\":false,\"preserve_color\":false,\"style\":\"primary\",\"title_breakpoint\":\"xl\",\"title_position\":\"top-left\",\"title_rotation\":\"left\",\"vertical_align\":\"middle\",\"width\":\"large\"},\"children\":[{\"type\":\"row\",\"props\":{\"column_gap\":\"large\",\"layout\":\"1-2,1-2\",\"row_gap\":\"large\",\"vertical_align\":true},\"children\":[{\"type\":\"column\",\"props\":{\"image_position\":\"center-center\",\"position_sticky_breakpoint\":\"m\",\"vertical_align\":\"middle\",\"width_medium\":\"1-2\"},\"children\":[{\"type\":\"panel\",\"props\":{\"block_align\":\"center\",\"content\":\"\n\n<p>Im Angebot: Kaffee, Tee, verschiedene Chai Tee, Trinkschokoladen, Pralinen, Schokoladen, italienische Espressokocher und der Heidelberger Studentenkuss. Zum Kaffee gibt es verschiedene Kuchen und Geb\\u00e4ck.<\\\/p>\",\"content_column_breakpoint\":\"m\",\"icon_ratio\":4,\"icon_width\":80,\"image_align\":\"top\",\"image_grid_breakpoint\":\"m\",\"image_grid_width\":\"1-2\",\"image_svg_color\":\"emphasis\",\"link\":\"#1\",\"link_style\":\"text\",\"link_text\":\"\",\"margin\":\"default\",\"maxwidth\":\"xlarge\",\"maxwidth_breakpoint\":\"s\",\"meta_align\":\"below-title\",\"meta_element\":\"div\",\"meta_style\":\"text-meta\",\"text_align\":\"left\",\"text_align_breakpoint\":\"m\",\"text_align_fallback\":\"center\",\"title\":\"\\u00bbBut first coffee\\u00ab\",\"title_align\":\"top\",\"title_element\":\"div\",\"title_grid_breakpoint\":\"m\",\"title_grid_width\":\"1-2\",\"title_hover_style\":\"reset\",\"title_style\":\"h2\"}}]},{\"type\":\"column\",\"props\":{\"image_position\":\"center-center\",\"position_sticky_breakpoint\":\"m\",\"vertical_align\":\"middle\",\"width_medium\":\"1-2\"},\"children\":[{\"type\":\"image\",\"props\":{\"image\":\"wp-content\\\/uploads\\\/2021\\\/07\\\/morologo.svg\",\"image_svg_color\":\"emphasis\",\"image_width\":\"660\",\"margin\":\"\",\"margin_remove_bottom\":false,\"margin_remove_top\":false,\"text_align\":\"right\",\"text_align_breakpoint\":\"m\",\"text_align_fallback\":\"center\"}}]}]}]}],\"version\":\"4.3.8\"} --><\/p>\n","protected":false},"excerpt":{"rendered":"<p>Moro Caff\u00e9 &amp; Th\u00e9 Hauptstra\u00dfe 160 &#8211; Heidelberg AltstadtSo &#8211; Do 9.30 &#8211; 19.00 UhrFr &#8211; Sa 9.30 &#8211; 20.00 Uhr Frische Kaffeebohnen Kaffee, Tee und Kuchen Exklusives Caff\u00e9- und Th\u00e9-Sortiment F\u00fchlen Sie sich heute als unser Gast und lassen Sie sich vom umfangreichen Angebot unseres Service begeistern. Moro Caf\u00e9 Zu unserem Shop Kaffee, Tee, [&hellip;]<\/p>\n","protected":false},"author":1,"featured_media":0,"parent":0,"menu_order":1,"comment_status":"open","ping_status":"closed","template":"","meta":{"_acf_changed":false,"footnotes":""},"class_list":["post-1","page","type-page","status-publish","hentry"],"acf":[],"_links":{"self":[{"href":"https:\/\/morocafe.de\/index.php?rest_route=\/wp\/v2\/pages\/1","targetHints":{"allow":["GET"]}}],"collection":[{"href":"https:\/\/morocafe.de\/index.php?rest_route=\/wp\/v2\/pages"}],"about":[{"href":"https:\/\/morocafe.de\/index.php?rest_route=\/wp\/v2\/types\/page"}],"author":[{"embeddable":true,"href":"https:\/\/morocafe.de\/index.php?rest_route=\/wp\/v2\/users\/1"}],"replies":[{"embeddable":true,"href":"https:\/\/morocafe.de\/index.php?rest_route=%2Fwp%2Fv2%2Fcomments&post=1"}],"version-history":[{"count":56,"href":"https:\/\/morocafe.de\/index.php?rest_route=\/wp\/v2\/pages\/1\/revisions"}],"predecessor-version":[{"id":1913,"href":"https:\/\/morocafe.de\/index.php?rest_route=\/wp\/v2\/pages\/1\/revisions\/1913"}],"wp:attachment":[{"href":"https:\/\/morocafe.de\/index.php?rest_route=%2Fwp%2Fv2%2Fmedia&parent=1"}],"curies":[{"name":"wp","href":"https:\/\/api.w.org\/{rel}","templated":true}]}}